{"id":15,"date":"2024-05-30T09:05:25","date_gmt":"2024-05-30T07:05:25","guid":{"rendered":"https:\/\/stage.centrica.it\/?page_id=15"},"modified":"2024-05-30T11:18:37","modified_gmt":"2024-05-30T09:18:37","slug":"studio-della-piattaforma-amazon-web-services-aws","status":"publish","type":"page","link":"https:\/\/stage.centrica.it\/index.php\/studio-della-piattaforma-amazon-web-services-aws\/","title":{"rendered":"Studio della piattaforma Amazon Web Services (AWS)"},"content":{"rendered":"\n<p><a href=\"http:\/\/aws.amazon.com\" data-type=\"link\" data-id=\"aws.amazon.com\">Amazon Web Services<\/a> \u00e8 una sussidiaria di Amazon che fornisce vari servizi cloud, tra di questi ci sono servizi di calcolo, archiviazione, database, AI e machine learning, collaborazioni, giochi e molto altro.<\/p>\n\n\n\n<p>Il mio compito era quello di vedere il sito per poi svolgere il seguente esercizio: valutazione costo macchina virtuale per ospitare un sito web con basso traffico ma con moltissime immagini e video (1000 immagini alta risoluzione 5000px X 5000px e 100 video mp4 durata 2 minuti ciascuno).<\/p>\n\n\n\n<p>Ecco come lo ho svolto:<\/p>\n\n\n\n<p>Supponendo che un immagine in risoluzione 5000px X 5000px sia in formato JPEG si pu\u00f2 comprimere fino a 5Mb che moltiplicato per 1000 porta a 5Gb;<\/p>\n\n\n\n<p>Se ogni video \u00e8 compresso a una dimensione di 100 MB, hai bisogno di circa 10 Gb.<\/p>\n\n\n\n<p>10+5=15Gb ma per avere un po&#8217; di margine \u00e8 meglio andare sui 30Gb, e dato che c&#8217;\u00e8 poco traffico non \u00e8 richiesta molta potenza di calcolo quindi 4Gb di RAM sono pi\u00f9 che sufficiente.<\/p>\n\n\n\n<p>Il provider utilizzato sar\u00e0 ovviamente AWS \u00e8 la macchina virtuale che ho scelto \u00e8 EC2 t3.medium con uno storage da 50Gb, il suo costo varia tra i 30 e 40 dollari mensilmente ma il prezzo varia tra paesi.<\/p>\n\n\n\n<figure class=\"wp-block-image size-full is-resized\"><img loading=\"lazy\" decoding=\"async\" width=\"389\" height=\"195\" src=\"https:\/\/stage.centrica.it\/wp-content\/uploads\/2024\/05\/image.png\" alt=\"\" class=\"wp-image-105\" style=\"width:412px;height:auto\" srcset=\"https:\/\/stage.centrica.it\/wp-content\/uploads\/2024\/05\/image.png 389w, https:\/\/stage.centrica.it\/wp-content\/uploads\/2024\/05\/image-300x150.png 300w\" sizes=\"auto, (max-width: 389px) 100vw, 389px\" \/><\/figure>\n\n\n\n<p>Se si vuole una perdita per le immagini minore utilizzando il formato PNG, si deve considerare che ogni immagine \u00e8 di 75Mb dato che la compressione \u00e8 minore, quindi un totale di 75Gb+10Gb dai video, per un totale di almeno 85Gb, si pu\u00f2 utilizzare la stessa macchina ma con una memoria di almeno 100Gb per avere un margine.<\/p>\n\n\n\n<div style=\"height:140px\" aria-hidden=\"true\" class=\"wp-block-spacer\"><\/div>\n","protected":false},"excerpt":{"rendered":"<p>Amazon Web Services \u00e8 una sussidiaria di Amazon che fornisce vari servizi cloud, tra di questi ci sono servizi di calcolo, archiviazione, database, AI e machine learning, collaborazioni, giochi e molto altro. Il mio compito era quello di vedere il sito per poi svolgere il seguente esercizio: valutazione costo macchina virtuale per ospitare un sito [&hellip;]<\/p>\n","protected":false},"author":1,"featured_media":0,"parent":0,"menu_order":0,"comment_status":"closed","ping_status":"closed","template":"","meta":{"footnotes":""},"class_list":["post-15","page","type-page","status-publish","hentry"],"_links":{"self":[{"href":"https:\/\/stage.centrica.it\/index.php\/wp-json\/wp\/v2\/pages\/15","targetHints":{"allow":["GET"]}}],"collection":[{"href":"https:\/\/stage.centrica.it\/index.php\/wp-json\/wp\/v2\/pages"}],"about":[{"href":"https:\/\/stage.centrica.it\/index.php\/wp-json\/wp\/v2\/types\/page"}],"author":[{"embeddable":true,"href":"https:\/\/stage.centrica.it\/index.php\/wp-json\/wp\/v2\/users\/1"}],"replies":[{"embeddable":true,"href":"https:\/\/stage.centrica.it\/index.php\/wp-json\/wp\/v2\/comments?post=15"}],"version-history":[{"count":6,"href":"https:\/\/stage.centrica.it\/index.php\/wp-json\/wp\/v2\/pages\/15\/revisions"}],"predecessor-version":[{"id":108,"href":"https:\/\/stage.centrica.it\/index.php\/wp-json\/wp\/v2\/pages\/15\/revisions\/108"}],"wp:attachment":[{"href":"https:\/\/stage.centrica.it\/index.php\/wp-json\/wp\/v2\/media?parent=15"}],"curies":[{"name":"wp","href":"https:\/\/api.w.org\/{rel}","templated":true}]}}