{"id":114,"date":"2024-05-30T15:06:31","date_gmt":"2024-05-30T13:06:31","guid":{"rendered":"https:\/\/stage.centrica.it\/?page_id=114"},"modified":"2024-06-03T16:54:28","modified_gmt":"2024-06-03T14:54:28","slug":"navigazione-real-time-di-modelli-3d-interattivi","status":"publish","type":"page","link":"https:\/\/stage.centrica.it\/index.php\/navigazione-real-time-di-modelli-3d-interattivi\/","title":{"rendered":"Navigazione real-time di modelli 3d interattivi"},"content":{"rendered":"\n<p>Devo Fare una ricerca per trovare siti che offrono una navigazione in real-time di modelli 3d interativi, in questo caso sugli ambienti.<\/p>\n\n\n\n<p>Ho trovato alcuni siti che possono svolgere tale compito e sono i seguenti:<\/p>\n\n\n\n<ul class=\"wp-block-list\">\n<li><a href=\"https:\/\/www.shapespark.com\/\">Shapespark<\/a><\/li>\n\n\n\n<li><a href=\"https:\/\/www.twinmotion.com\/en-US\/home\">TwinMotion<\/a><\/li>\n\n\n\n<li><a href=\"https:\/\/www.nvidia.com\/en-us\/omniverse\/\">Nvidia Omniverse<\/a><\/li>\n<\/ul>\n\n\n\n<div style=\"height:64px\" aria-hidden=\"true\" class=\"wp-block-spacer\"><\/div>\n\n\n\n<h2 class=\"wp-block-heading\">Shapespark<\/h2>\n\n\n\n<p>Un browser che fa real-time rendering usato per presentare designs e creare visualizzazioni realistiche per progetti di marketing.<\/p>\n\n\n\n<p>Shapespark offre anche demo gratuite fatte da clienti, facilmente accessibili dal browser su desktop e mobile e su vr.<\/p>\n\n\n\n<p>Il progetto su cui ho testato Shapespark \u00e8 stato la galleria dell&#8217;arte di My3ideas, dentro all&#8217;ambiente potevo muovermi per la galleria e vedere i vari quadri, i quali mi davano anche l&#8217;opzione di cliccare un pulsante per vederne delle informazioni, inoltre potevo anche vedere i quadri da pi\u00f9 vicino cliccandoci sopra.<\/p>\n\n\n\n<figure class=\"wp-block-image size-large is-resized has-custom-border is-style-rounded is-style-rounded--1\"><img loading=\"lazy\" decoding=\"async\" width=\"980\" height=\"517\" src=\"https:\/\/stage.centrica.it\/wp-content\/uploads\/2024\/05\/Screenshot-2024-05-30-153113.jpg\" alt=\"\" class=\"wp-image-129\" style=\"border-style:none;border-width:0px;width:600px\" srcset=\"https:\/\/stage.centrica.it\/wp-content\/uploads\/2024\/05\/Screenshot-2024-05-30-153113.jpg 980w, https:\/\/stage.centrica.it\/wp-content\/uploads\/2024\/05\/Screenshot-2024-05-30-153113-300x158.jpg 300w, https:\/\/stage.centrica.it\/wp-content\/uploads\/2024\/05\/Screenshot-2024-05-30-153113-768x405.jpg 768w\" sizes=\"auto, (max-width: 980px) 100vw, 980px\" \/><\/figure>\n\n\n\n<figure class=\"wp-block-image size-large is-resized is-style-rounded is-style-rounded--2\"><img loading=\"lazy\" decoding=\"async\" width=\"1024\" height=\"567\" src=\"https:\/\/stage.centrica.it\/wp-content\/uploads\/2024\/05\/Screenshot-2024-05-30-153223-1024x567.jpg\" alt=\"\" class=\"wp-image-130\" style=\"width:600px\" srcset=\"https:\/\/stage.centrica.it\/wp-content\/uploads\/2024\/05\/Screenshot-2024-05-30-153223-1024x567.jpg 1024w, https:\/\/stage.centrica.it\/wp-content\/uploads\/2024\/05\/Screenshot-2024-05-30-153223-300x166.jpg 300w, https:\/\/stage.centrica.it\/wp-content\/uploads\/2024\/05\/Screenshot-2024-05-30-153223-768x425.jpg 768w, https:\/\/stage.centrica.it\/wp-content\/uploads\/2024\/05\/Screenshot-2024-05-30-153223.jpg 1066w\" sizes=\"auto, (max-width: 1024px) 100vw, 1024px\" \/><figcaption class=\"wp-element-caption\">immagine vista da vicino con tanto di pulsante interagibile per leggerne le informazioni<\/figcaption><\/figure>\n\n\n\n<div style=\"height:45px\" aria-hidden=\"true\" class=\"wp-block-spacer\"><\/div>\n\n\n\n<h2 class=\"wp-block-heading\">Twinmotion<\/h2>\n\n\n\n<p>Twinmotion \u00e8 un software che produce immagini di alta qualit\u00e0, panorama e standard o vr 360<strong>\u00b0<\/strong>, pu\u00f2 essere sincronizzato ad altri softwares cos\u00ec da non dover imparare da capo, in quanto a prezzo \u00e8 gratuito per tutte le persone e aziende che fanno meno di 1 milione di dollari all&#8217;anno.<\/p>\n\n\n\n<div style=\"height:45px\" aria-hidden=\"true\" class=\"wp-block-spacer\"><\/div>\n\n\n\n<h2 class=\"wp-block-heading\">Nvidia Omniverse<\/h2>\n\n\n\n<p>Omniverse \u00e8 una piattaforma gratuita di collaborazione grafica 3D in tempo reale creata da Nvidia. \u00c8 stato utilizzato per applicazioni nei settori degli effetti visivi e della simulazione industriale &#8220;digital twin&#8221;.<\/p>\n\n\n\n<p>Viene utilizzato prevalentemente per creare simulazioni del mondo in scala, ma pu\u00f2 essere anche usato per progetti minori.<\/p>\n","protected":false},"excerpt":{"rendered":"<p>Devo Fare una ricerca per trovare siti che offrono una navigazione in real-time di modelli 3d interativi, in questo caso sugli ambienti. Ho trovato alcuni siti che possono svolgere tale compito e sono i seguenti: Shapespark Un browser che fa real-time rendering usato per presentare designs e creare visualizzazioni realistiche per progetti di marketing. Shapespark [&hellip;]<\/p>\n","protected":false},"author":1,"featured_media":0,"parent":0,"menu_order":0,"comment_status":"closed","ping_status":"closed","template":"","meta":{"footnotes":""},"class_list":["post-114","page","type-page","status-publish","hentry"],"_links":{"self":[{"href":"https:\/\/stage.centrica.it\/index.php\/wp-json\/wp\/v2\/pages\/114","targetHints":{"allow":["GET"]}}],"collection":[{"href":"https:\/\/stage.centrica.it\/index.php\/wp-json\/wp\/v2\/pages"}],"about":[{"href":"https:\/\/stage.centrica.it\/index.php\/wp-json\/wp\/v2\/types\/page"}],"author":[{"embeddable":true,"href":"https:\/\/stage.centrica.it\/index.php\/wp-json\/wp\/v2\/users\/1"}],"replies":[{"embeddable":true,"href":"https:\/\/stage.centrica.it\/index.php\/wp-json\/wp\/v2\/comments?post=114"}],"version-history":[{"count":14,"href":"https:\/\/stage.centrica.it\/index.php\/wp-json\/wp\/v2\/pages\/114\/revisions"}],"predecessor-version":[{"id":153,"href":"https:\/\/stage.centrica.it\/index.php\/wp-json\/wp\/v2\/pages\/114\/revisions\/153"}],"wp:attachment":[{"href":"https:\/\/stage.centrica.it\/index.php\/wp-json\/wp\/v2\/media?parent=114"}],"curies":[{"name":"wp","href":"https:\/\/api.w.org\/{rel}","templated":true}]}}